{"id":2559,"date":"2025-03-17T13:08:07","date_gmt":"2025-03-17T12:08:07","guid":{"rendered":"https:\/\/sumacontent.com\/?page_id=2559"},"modified":"2025-03-19T08:42:35","modified_gmt":"2025-03-19T07:42:35","slug":"la-bola-negra","status":"publish","type":"page","link":"https:\/\/sumacontent.com\/en\/la-bola-negra\/","title":{"rendered":"La bola negra"},"content":{"rendered":"<div data-elementor-type=\"wp-page\" data-elementor-id=\"2559\" class=\"elementor elementor-2559\" data-elementor-post-type=\"page\">\n\t\t\t\t\t\t\t\t\t<section class=\"elementor-section elementor-top-section elementor-element elementor-element-baef1a2 elementor-section-height-min-height elementor-section-boxed elementor-section-height-default elementor-section-items-middle\" data-id=\"baef1a2\" data-element_type=\"section\" data-settings=\"{&quot;background_background&quot;:&quot;classic&quot;}\">\n\t\t\t\t\t\t\t<div class=\"elementor-background-overlay\"><\/div>\n\t\t\t\t\t\t\t<div class=\"elementor-container elementor-column-gap-default\">\n\t\t\t\t\t<div class=\"elementor-column elementor-col-50 elementor-top-column elementor-element elementor-element-15db33b\" data-id=\"15db33b\" data-element_type=\"column\">\n\t\t\t<div class=\"elementor-widget-wrap elementor-element-populated\">\n\t\t\t\t\t\t\t\t<div class=\"elementor-element elementor-element-28ca9b0 elementor-widget elementor-widget-heading\" data-id=\"28ca9b0\" data-element_type=\"widget\" data-widget_type=\"heading.default\">\n\t\t\t\t<div class=\"elementor-widget-container\">\n\t\t\t<style>\/*! elementor - v3.14.0 - 18-06-2023 *\/\n.elementor-heading-title{padding:0;margin:0;line-height:1}.elementor-widget-heading .elementor-heading-title[class*=elementor-size-]>a{color:inherit;font-size:inherit;line-height:inherit}.elementor-widget-heading .elementor-heading-title.elementor-size-small{font-size:15px}.elementor-widget-heading .elementor-heading-title.elementor-size-medium{font-size:19px}.elementor-widget-heading .elementor-heading-title.elementor-size-large{font-size:29px}.elementor-widget-heading .elementor-heading-title.elementor-size-xl{font-size:39px}.elementor-widget-heading .elementor-heading-title.elementor-size-xxl{font-size:59px}<\/style><h1 class=\"elementor-heading-title elementor-size-default\">La bola negra<\/h1>\t\t<\/div>\n\t\t\t\t<\/div>\n\t\t\t\t\t<\/div>\n\t\t<\/div>\n\t\t\t\t<div class=\"elementor-column elementor-col-50 elementor-top-column elementor-element elementor-element-d41341d\" data-id=\"d41341d\" data-element_type=\"column\">\n\t\t\t<div class=\"elementor-widget-wrap\">\n\t\t\t\t\t\t\t\t\t<\/div>\n\t\t<\/div>\n\t\t\t\t\t\t\t<\/div>\n\t\t<\/section>\n\t\t\t\t<section class=\"elementor-section elementor-top-section elementor-element elementor-element-6feea18 elementor-section-height-min-height elementor-section-boxed elementor-section-height-default elementor-section-items-middle\" data-id=\"6feea18\" data-element_type=\"section\" data-settings=\"{&quot;background_background&quot;:&quot;classic&quot;}\">\n\t\t\t\t\t\t<div class=\"elementor-container elementor-column-gap-default\">\n\t\t\t\t\t<div class=\"elementor-column elementor-col-100 elementor-top-column elementor-element elementor-element-811c0f6\" data-id=\"811c0f6\" data-element_type=\"column\">\n\t\t\t<div class=\"elementor-widget-wrap\">\n\t\t\t\t\t\t\t\t\t<\/div>\n\t\t<\/div>\n\t\t\t\t\t\t\t<\/div>\n\t\t<\/section>\n\t\t\t\t<section class=\"elementor-section elementor-top-section elementor-element elementor-element-c5da51b elementor-section-height-min-height elementor-section-boxed elementor-section-height-default elementor-section-items-middle\" data-id=\"c5da51b\" data-element_type=\"section\" data-settings=\"{&quot;background_background&quot;:&quot;classic&quot;}\">\n\t\t\t\t\t\t\t<div class=\"elementor-background-overlay\"><\/div>\n\t\t\t\t\t\t\t<div class=\"elementor-container elementor-column-gap-default\">\n\t\t\t\t\t<div class=\"elementor-column elementor-col-50 elementor-top-column elementor-element elementor-element-8d7ed1a\" data-id=\"8d7ed1a\" data-element_type=\"column\">\n\t\t\t<div class=\"elementor-widget-wrap elementor-element-populated\">\n\t\t\t\t\t\t<div class=\"elementor-element elementor-element-dc7e097 e-flex e-con-boxed e-con\" data-id=\"dc7e097\" data-element_type=\"container\" data-settings=\"{&quot;background_background&quot;:&quot;classic&quot;,&quot;content_width&quot;:&quot;boxed&quot;}\">\n\t\t\t\t\t<div class=\"e-con-inner\">\n\t\t\t\t<div class=\"elementor-element elementor-element-30159c3 elementor-widget elementor-widget-heading\" data-id=\"30159c3\" data-element_type=\"widget\" data-widget_type=\"heading.default\">\n\t\t\t\t<div class=\"elementor-widget-container\">\n\t\t\t<h2 class=\"elementor-heading-title elementor-size-default\">Abstract<\/h2>\t\t<\/div>\n\t\t\t\t<\/div>\n\t\t\t\t<div class=\"elementor-element elementor-element-5eb482e elementor-widget elementor-widget-text-editor\" data-id=\"5eb482e\" data-element_type=\"widget\" data-widget_type=\"text-editor.default\">\n\t\t\t\t<div class=\"elementor-widget-container\">\n\t\t\t<style>\/*! elementor - v3.14.0 - 18-06-2023 *\/\n.elementor-widget-text-editor.elementor-drop-cap-view-stacked .elementor-drop-cap{background-color:#69727d;color:#fff}.elementor-widget-text-editor.elementor-drop-cap-view-framed .elementor-drop-cap{color:#69727d;border:3px solid;background-color:transparent}.elementor-widget-text-editor:not(.elementor-drop-cap-view-default) .elementor-drop-cap{margin-top:8px}.elementor-widget-text-editor:not(.elementor-drop-cap-view-default) .elementor-drop-cap-letter{width:1em;height:1em}.elementor-widget-text-editor .elementor-drop-cap{float:left;text-align:center;line-height:1;font-size:50px}.elementor-widget-text-editor .elementor-drop-cap-letter{display:inline-block}<\/style>\t\t\t\t<p>&#8216;La bola negra&#8217;\u00a0narra las vidas interconectadas de tres hombres en tres \u00e9pocas distintas. Tres existencias \u00edntimamente ligadas por la sexualidad y el deseo, el dolor y la herencia; y una de las\u00a0\u00faltimas obras, inacabada, de Federico Garc\u00eda Lorca.<\/p>\t\t\t\t\t\t<\/div>\n\t\t\t\t<\/div>\n\t\t\t\t\t<\/div>\n\t\t\t\t<\/div>\n\t\t\t\t\t<\/div>\n\t\t<\/div>\n\t\t\t\t<div class=\"elementor-column elementor-col-50 elementor-top-column elementor-element elementor-element-8cc4478\" data-id=\"8cc4478\" data-element_type=\"column\">\n\t\t\t<div class=\"elementor-widget-wrap elementor-element-populated\">\n\t\t\t\t\t\t<div class=\"elementor-element elementor-element-2380f22 e-flex e-con-boxed e-con\" data-id=\"2380f22\" data-element_type=\"container\" data-settings=\"{&quot;background_background&quot;:&quot;classic&quot;,&quot;content_width&quot;:&quot;boxed&quot;}\">\n\t\t\t\t\t<div class=\"e-con-inner\">\n\t\t\t\t<div class=\"elementor-element elementor-element-659c3be elementor-widget elementor-widget-heading\" data-id=\"659c3be\" data-element_type=\"widget\" data-widget_type=\"heading.default\">\n\t\t\t\t<div class=\"elementor-widget-container\">\n\t\t\t<h2 class=\"elementor-heading-title elementor-size-default\">Cast<\/h2>\t\t<\/div>\n\t\t\t\t<\/div>\n\t\t\t\t<div class=\"elementor-element elementor-element-ccca176 elementor-widget elementor-widget-text-editor\" data-id=\"ccca176\" data-element_type=\"widget\" data-widget_type=\"text-editor.default\">\n\t\t\t\t<div class=\"elementor-widget-container\">\n\t\t\t\t\t\t\t<p><strong>Direcci\u00f3n:<\/strong> Javier Calvo, Javier Ambrossi <br \/><strong>Guion:<\/strong> Javier Calvo, Javier Ambrossi<\/p>\t\t\t\t\t\t<\/div>\n\t\t\t\t<\/div>\n\t\t\t\t\t<\/div>\n\t\t\t\t<\/div>\n\t\t\t\t\t<\/div>\n\t\t<\/div>\n\t\t\t\t\t\t\t<\/div>\n\t\t<\/section>\n\t\t\t\t\t\t\t<\/div>","protected":false},"excerpt":{"rendered":"<p>La bola negra Sinopsis &#8216;La bola negra&#8217;\u00a0narra las vidas interconectadas de tres hombres en tres \u00e9pocas distintas. Tres existencias \u00edntimamente ligadas por la sexualidad y el deseo, el dolor y la herencia; y una de las\u00a0\u00faltimas obras, inacabada, de Federico Garc\u00eda Lorca. Ficha Art\u00edstica Direcci\u00f3n: Javier Calvo, Javier Ambrossi Guion: Javier Calvo, Javier Ambrossi<\/p>","protected":false},"author":2,"featured_media":0,"parent":0,"menu_order":0,"comment_status":"closed","ping_status":"closed","template":"","meta":[],"yoast_head":"<!-- This site is optimized with the Yoast SEO plugin v20.9 - https:\/\/yoast.com\/wordpress\/plugins\/seo\/ -->\n<title>La bola negra - Suma Content<\/title>\n<meta name=\"robots\" content=\"index, follow, max-snippet:-1, max-image-preview:large, max-video-preview:-1\" \/>\n<link rel=\"canonical\" href=\"https:\/\/sumacontent.com\/en\/la-bola-negra\/\" \/>\n<meta property=\"og:locale\" content=\"en_GB\" \/>\n<meta property=\"og:type\" content=\"article\" \/>\n<meta property=\"og:title\" content=\"La bola negra - Suma Content\" \/>\n<meta property=\"og:description\" content=\"La bola negra Sinopsis &#8216;La bola negra&#8217;\u00a0narra las vidas interconectadas de tres hombres en tres \u00e9pocas distintas. Tres existencias \u00edntimamente ligadas por la sexualidad y el deseo, el dolor y la herencia; y una de las\u00a0\u00faltimas obras, inacabada, de Federico Garc\u00eda Lorca. Ficha Art\u00edstica Direcci\u00f3n: Javier Calvo, Javier Ambrossi Guion: Javier Calvo, Javier Ambrossi\" \/>\n<meta property=\"og:url\" content=\"https:\/\/sumacontent.com\/en\/la-bola-negra\/\" \/>\n<meta property=\"og:site_name\" content=\"Suma Content\" \/>\n<meta property=\"article:publisher\" content=\"https:\/\/m.facebook.com\/Sumacontent\" \/>\n<meta property=\"article:modified_time\" content=\"2025-03-19T07:42:35+00:00\" \/>\n<meta name=\"twitter:card\" content=\"summary_large_image\" \/>\n<meta name=\"twitter:site\" content=\"@sumacontent\" \/>\n<meta name=\"twitter:label1\" content=\"Estimated reading time\" \/>\n\t<meta name=\"twitter:data1\" content=\"1 minute\" \/>\n<script type=\"application\/ld+json\" class=\"yoast-schema-graph\">{\"@context\":\"https:\/\/schema.org\",\"@graph\":[{\"@type\":\"WebPage\",\"@id\":\"https:\/\/sumacontent.com\/la-bola-negra\/\",\"url\":\"https:\/\/sumacontent.com\/la-bola-negra\/\",\"name\":\"La bola negra - Suma Content\",\"isPartOf\":{\"@id\":\"https:\/\/sumacontent.com\/#website\"},\"datePublished\":\"2025-03-17T12:08:07+00:00\",\"dateModified\":\"2025-03-19T07:42:35+00:00\",\"breadcrumb\":{\"@id\":\"https:\/\/sumacontent.com\/la-bola-negra\/#breadcrumb\"},\"inLanguage\":\"en-GB\",\"potentialAction\":[{\"@type\":\"ReadAction\",\"target\":[\"https:\/\/sumacontent.com\/la-bola-negra\/\"]}]},{\"@type\":\"BreadcrumbList\",\"@id\":\"https:\/\/sumacontent.com\/la-bola-negra\/#breadcrumb\",\"itemListElement\":[{\"@type\":\"ListItem\",\"position\":1,\"name\":\"Portada\",\"item\":\"https:\/\/sumacontent.com\/\"},{\"@type\":\"ListItem\",\"position\":2,\"name\":\"La bola negra\"}]},{\"@type\":\"WebSite\",\"@id\":\"https:\/\/sumacontent.com\/#website\",\"url\":\"https:\/\/sumacontent.com\/\",\"name\":\"Suma Content\",\"description\":\"Suma content es una productora de contenido audiovisual independiente que nace con la inquietud de generar historias aut\u00e9nticas y cercanas, con una vocaci\u00f3n global.\",\"publisher\":{\"@id\":\"https:\/\/sumacontent.com\/#organization\"},\"potentialAction\":[{\"@type\":\"SearchAction\",\"target\":{\"@type\":\"EntryPoint\",\"urlTemplate\":\"https:\/\/sumacontent.com\/?s={search_term_string}\"},\"query-input\":\"required name=search_term_string\"}],\"inLanguage\":\"en-GB\"},{\"@type\":\"Organization\",\"@id\":\"https:\/\/sumacontent.com\/#organization\",\"name\":\"Suma Content\",\"url\":\"https:\/\/sumacontent.com\/\",\"logo\":{\"@type\":\"ImageObject\",\"inLanguage\":\"en-GB\",\"@id\":\"https:\/\/sumacontent.com\/#\/schema\/logo\/image\/\",\"url\":\"https:\/\/sumacontent.com\/wp-content\/uploads\/2022\/12\/Logo_nuevo-17-2.svg\",\"contentUrl\":\"https:\/\/sumacontent.com\/wp-content\/uploads\/2022\/12\/Logo_nuevo-17-2.svg\",\"caption\":\"Suma Content\"},\"image\":{\"@id\":\"https:\/\/sumacontent.com\/#\/schema\/logo\/image\/\"},\"sameAs\":[\"https:\/\/m.facebook.com\/Sumacontent\",\"https:\/\/twitter.com\/sumacontent\",\"https:\/\/www.instagram.com\/sumacontent\/?igshid=YmMyMTA2M2Y\"]}]}<\/script>\n<!-- \/ Yoast SEO plugin. -->","yoast_head_json":{"title":"La bola negra - Suma Content","robots":{"index":"index","follow":"follow","max-snippet":"max-snippet:-1","max-image-preview":"max-image-preview:large","max-video-preview":"max-video-preview:-1"},"canonical":"https:\/\/sumacontent.com\/en\/la-bola-negra\/","og_locale":"en_GB","og_type":"article","og_title":"La bola negra - Suma Content","og_description":"La bola negra Sinopsis &#8216;La bola negra&#8217;\u00a0narra las vidas interconectadas de tres hombres en tres \u00e9pocas distintas. Tres existencias \u00edntimamente ligadas por la sexualidad y el deseo, el dolor y la herencia; y una de las\u00a0\u00faltimas obras, inacabada, de Federico Garc\u00eda Lorca. Ficha Art\u00edstica Direcci\u00f3n: Javier Calvo, Javier Ambrossi Guion: Javier Calvo, Javier Ambrossi","og_url":"https:\/\/sumacontent.com\/en\/la-bola-negra\/","og_site_name":"Suma Content","article_publisher":"https:\/\/m.facebook.com\/Sumacontent","article_modified_time":"2025-03-19T07:42:35+00:00","twitter_card":"summary_large_image","twitter_site":"@sumacontent","twitter_misc":{"Estimated reading time":"1 minute"},"schema":{"@context":"https:\/\/schema.org","@graph":[{"@type":"WebPage","@id":"https:\/\/sumacontent.com\/la-bola-negra\/","url":"https:\/\/sumacontent.com\/la-bola-negra\/","name":"La bola negra - Suma Content","isPartOf":{"@id":"https:\/\/sumacontent.com\/#website"},"datePublished":"2025-03-17T12:08:07+00:00","dateModified":"2025-03-19T07:42:35+00:00","breadcrumb":{"@id":"https:\/\/sumacontent.com\/la-bola-negra\/#breadcrumb"},"inLanguage":"en-GB","potentialAction":[{"@type":"ReadAction","target":["https:\/\/sumacontent.com\/la-bola-negra\/"]}]},{"@type":"BreadcrumbList","@id":"https:\/\/sumacontent.com\/la-bola-negra\/#breadcrumb","itemListElement":[{"@type":"ListItem","position":1,"name":"Portada","item":"https:\/\/sumacontent.com\/"},{"@type":"ListItem","position":2,"name":"La bola negra"}]},{"@type":"WebSite","@id":"https:\/\/sumacontent.com\/#website","url":"https:\/\/sumacontent.com\/","name":"Suma Content","description":"Suma content es una productora de contenido audiovisual independiente que nace con la inquietud de generar historias aut\u00e9nticas y cercanas, con una vocaci\u00f3n global.","publisher":{"@id":"https:\/\/sumacontent.com\/#organization"},"potentialAction":[{"@type":"SearchAction","target":{"@type":"EntryPoint","urlTemplate":"https:\/\/sumacontent.com\/?s={search_term_string}"},"query-input":"required name=search_term_string"}],"inLanguage":"en-GB"},{"@type":"Organization","@id":"https:\/\/sumacontent.com\/#organization","name":"Suma Content","url":"https:\/\/sumacontent.com\/","logo":{"@type":"ImageObject","inLanguage":"en-GB","@id":"https:\/\/sumacontent.com\/#\/schema\/logo\/image\/","url":"https:\/\/sumacontent.com\/wp-content\/uploads\/2022\/12\/Logo_nuevo-17-2.svg","contentUrl":"https:\/\/sumacontent.com\/wp-content\/uploads\/2022\/12\/Logo_nuevo-17-2.svg","caption":"Suma Content"},"image":{"@id":"https:\/\/sumacontent.com\/#\/schema\/logo\/image\/"},"sameAs":["https:\/\/m.facebook.com\/Sumacontent","https:\/\/twitter.com\/sumacontent","https:\/\/www.instagram.com\/sumacontent\/?igshid=YmMyMTA2M2Y"]}]}},"_links":{"self":[{"href":"https:\/\/sumacontent.com\/en\/wp-json\/wp\/v2\/pages\/2559"}],"collection":[{"href":"https:\/\/sumacontent.com\/en\/wp-json\/wp\/v2\/pages"}],"about":[{"href":"https:\/\/sumacontent.com\/en\/wp-json\/wp\/v2\/types\/page"}],"author":[{"embeddable":true,"href":"https:\/\/sumacontent.com\/en\/wp-json\/wp\/v2\/users\/2"}],"replies":[{"embeddable":true,"href":"https:\/\/sumacontent.com\/en\/wp-json\/wp\/v2\/comments?post=2559"}],"version-history":[{"count":30,"href":"https:\/\/sumacontent.com\/en\/wp-json\/wp\/v2\/pages\/2559\/revisions"}],"predecessor-version":[{"id":2667,"href":"https:\/\/sumacontent.com\/en\/wp-json\/wp\/v2\/pages\/2559\/revisions\/2667"}],"wp:attachment":[{"href":"https:\/\/sumacontent.com\/en\/wp-json\/wp\/v2\/media?parent=2559"}],"curies":[{"name":"wp","href":"https:\/\/api.w.org\/{rel}","templated":true}]}}