{"id":3,"date":"2022-11-24T10:31:51","date_gmt":"2022-11-24T10:31:51","guid":{"rendered":"http:\/\/sumacontent.com\/?page_id=3"},"modified":"2023-03-02T16:37:35","modified_gmt":"2023-03-02T15:37:35","slug":"privacidad","status":"publish","type":"page","link":"https:\/\/sumacontent.com\/en\/privacidad\/","title":{"rendered":"Privacy Policy"},"content":{"rendered":"<div data-elementor-type=\"wp-page\" data-elementor-id=\"3\" class=\"elementor elementor-3\" data-elementor-post-type=\"page\">\n\t\t\t\t\t\t\t\t\t<section class=\"elementor-section elementor-top-section elementor-element elementor-element-425e19a elementor-section-boxed elementor-section-height-default elementor-section-height-default\" data-id=\"425e19a\" data-element_type=\"section\" data-settings=\"{&quot;background_background&quot;:&quot;classic&quot;}\">\n\t\t\t\t\t\t<div class=\"elementor-container elementor-column-gap-default\">\n\t\t\t\t\t<div class=\"elementor-column elementor-col-100 elementor-top-column elementor-element elementor-element-3ed159c1\" data-id=\"3ed159c1\" data-element_type=\"column\">\n\t\t\t<div class=\"elementor-widget-wrap elementor-element-populated\">\n\t\t\t\t\t\t\t\t<div class=\"elementor-element elementor-element-1fc2a93 elementor-widget elementor-widget-heading\" data-id=\"1fc2a93\" data-element_type=\"widget\" data-widget_type=\"heading.default\">\n\t\t\t\t<div class=\"elementor-widget-container\">\n\t\t\t<style>\/*! elementor - v3.14.0 - 18-06-2023 *\/\n.elementor-heading-title{padding:0;margin:0;line-height:1}.elementor-widget-heading .elementor-heading-title[class*=elementor-size-]>a{color:inherit;font-size:inherit;line-height:inherit}.elementor-widget-heading .elementor-heading-title.elementor-size-small{font-size:15px}.elementor-widget-heading .elementor-heading-title.elementor-size-medium{font-size:19px}.elementor-widget-heading .elementor-heading-title.elementor-size-large{font-size:29px}.elementor-widget-heading .elementor-heading-title.elementor-size-xl{font-size:39px}.elementor-widget-heading .elementor-heading-title.elementor-size-xxl{font-size:59px}<\/style><h2 class=\"elementor-heading-title elementor-size-default\">Privacy Policy<\/h2>\t\t<\/div>\n\t\t\t\t<\/div>\n\t\t\t\t<div class=\"elementor-element elementor-element-71ec1911 elementor-widget elementor-widget-text-editor\" data-id=\"71ec1911\" data-element_type=\"widget\" data-widget_type=\"text-editor.default\">\n\t\t\t\t<div class=\"elementor-widget-container\">\n\t\t\t<style>\/*! elementor - v3.14.0 - 18-06-2023 *\/\n.elementor-widget-text-editor.elementor-drop-cap-view-stacked .elementor-drop-cap{background-color:#69727d;color:#fff}.elementor-widget-text-editor.elementor-drop-cap-view-framed .elementor-drop-cap{color:#69727d;border:3px solid;background-color:transparent}.elementor-widget-text-editor:not(.elementor-drop-cap-view-default) .elementor-drop-cap{margin-top:8px}.elementor-widget-text-editor:not(.elementor-drop-cap-view-default) .elementor-drop-cap-letter{width:1em;height:1em}.elementor-widget-text-editor .elementor-drop-cap{float:left;text-align:center;line-height:1;font-size:50px}.elementor-widget-text-editor .elementor-drop-cap-letter{display:inline-block}<\/style>\t\t\t\t<p><!-- wp:heading --><\/p>\n<h5 class=\"text_cookies\"><strong>Data Controller:\u00a0<\/strong>Contact of Data Risponsable:SUMA CONTENT, S.L.; C\/Monte Esquinza 30- 1\u00ba Derecha, 28010, Madrid, Espa\u00f1a. \u2013<span class=\"Apple-converted-space\">\u00a0<\/span><a href=\"mailto:hola@sumacontent.com\">hola@sumacontent.com<br \/>\u200d<\/a><br \/><strong>Datos:<span class=\"Apple-converted-space\">\u00a0<\/span><\/strong>\u00a0For the management of the services and information offered through our Web Portal, we process identifying data and contact data.<br \/>\u200d<br \/><strong>Purposes: \u00a0<\/strong>Your data will be processed in order to manage and deal with requests for consultation, information, complaints and claims.\u00a0<br \/>\u200d<br \/><strong>Duration: \u00a0<\/strong>For what period of time will we process your data? We will process your data for the period necessary to manage the consultation and, once this period is over, for the periods of limitation of the obligations that may derive from the processing.<br \/>\u200d<br \/><strong>Legitimation:\u00a0<\/strong>The legal basis for processing your data is consent.<br \/>\u200d<br \/><strong>Rights:<\/strong>You may exercise the rights recognised in the current legislation on data protection by sending a written communication to the Data Controller using the contact details indicated above. The applicant must enclose a copy of their national identity card, passport or other valid document that identifies them.Users have the right to file a complaint with the Spanish Data Protection Agency (<a href=\"http:\/\/www.aepd.es\/\" target=\"_blank\" rel=\"noopener\">www.aepd.es<\/a>) when they consider that the processing of their personal data infringes the applicable regulations.<br \/>\u200d<br \/><strong>Cookies:\u00a0<\/strong>We use our own and third-party cookies to enable the use of the Website and the services offered, as well as to understand how our users interact with the Website and analyse their behaviour in order to display advertising related to their preferences based on a profile drawn up from their browsing habits, as detailed in our<span class=\"Apple-converted-space\">\u00a0<\/span><a href=\"https:\/\/sumacontent.com\/en\/cookies\/\" target=\"_blank\" rel=\"noopener\">Cookies Policy<\/a>.<\/h5>\n<p><!-- \/wp:paragraph --><\/p>\t\t\t\t\t\t<\/div>\n\t\t\t\t<\/div>\n\t\t\t\t\t<\/div>\n\t\t<\/div>\n\t\t\t\t\t\t\t<\/div>\n\t\t<\/section>\n\t\t\t\t\t\t\t<\/div>","protected":false},"excerpt":{"rendered":"<p>Pol\u00edtica de privacidad Responsable del Tratamiento:\u00a0Datos de contacto del Responsable del Tratamiento: SUMA CONTENT, S.L.; C\/Monte Esquinza 30- 1\u00ba Derecha, 28010, Madrid, Espa\u00f1a. \u2013\u00a0hola@sumacontent.com\u200dDatos:\u00a0\u00a0Para la gesti\u00f3n de los servicios e informaci\u00f3n ofrecidos a trav\u00e9s de nuestro Portal Web, tratamos datos identificativos y datos de contacto.\u200dFinalidades: \u00a0Tus datos ser\u00e1n objeto de tratamiento para gestionar y atender [&hellip;]<\/p>","protected":false},"author":1,"featured_media":0,"parent":0,"menu_order":0,"comment_status":"closed","ping_status":"open","template":"elementor_header_footer","meta":[],"yoast_head":"<!-- This site is optimized with the Yoast SEO plugin v20.9 - https:\/\/yoast.com\/wordpress\/plugins\/seo\/ -->\n<title>Pol\u00edtica de privacidad - Suma Content<\/title>\n<meta name=\"robots\" content=\"index, follow, max-snippet:-1, max-image-preview:large, max-video-preview:-1\" \/>\n<link rel=\"canonical\" href=\"https:\/\/sumacontent.com\/en\/privacidad\/\" \/>\n<meta property=\"og:locale\" content=\"en_GB\" \/>\n<meta property=\"og:type\" content=\"article\" \/>\n<meta property=\"og:title\" content=\"Pol\u00edtica de privacidad - Suma Content\" \/>\n<meta property=\"og:description\" content=\"Pol\u00edtica de privacidad Responsable del Tratamiento:\u00a0Datos de contacto del Responsable del Tratamiento: SUMA CONTENT, S.L.; C\/Monte Esquinza 30- 1\u00ba Derecha, 28010, Madrid, Espa\u00f1a. \u2013\u00a0hola@sumacontent.com\u200dDatos:\u00a0\u00a0Para la gesti\u00f3n de los servicios e informaci\u00f3n ofrecidos a trav\u00e9s de nuestro Portal Web, tratamos datos identificativos y datos de contacto.\u200dFinalidades: \u00a0Tus datos ser\u00e1n objeto de tratamiento para gestionar y atender [&hellip;]\" \/>\n<meta property=\"og:url\" content=\"https:\/\/sumacontent.com\/en\/privacidad\/\" \/>\n<meta property=\"og:site_name\" content=\"Suma Content\" \/>\n<meta property=\"article:publisher\" content=\"https:\/\/m.facebook.com\/Sumacontent\" \/>\n<meta property=\"article:modified_time\" content=\"2023-03-02T15:37:35+00:00\" \/>\n<meta name=\"twitter:card\" content=\"summary_large_image\" \/>\n<meta name=\"twitter:site\" content=\"@sumacontent\" \/>\n<meta name=\"twitter:label1\" content=\"Estimated reading time\" \/>\n\t<meta name=\"twitter:data1\" content=\"2 minutes\" \/>\n<script type=\"application\/ld+json\" class=\"yoast-schema-graph\">{\"@context\":\"https:\/\/schema.org\",\"@graph\":[{\"@type\":\"WebPage\",\"@id\":\"https:\/\/sumacontent.com\/privacidad\/\",\"url\":\"https:\/\/sumacontent.com\/privacidad\/\",\"name\":\"Pol\u00edtica de privacidad - Suma Content\",\"isPartOf\":{\"@id\":\"https:\/\/sumacontent.com\/#website\"},\"datePublished\":\"2022-11-24T10:31:51+00:00\",\"dateModified\":\"2023-03-02T15:37:35+00:00\",\"breadcrumb\":{\"@id\":\"https:\/\/sumacontent.com\/privacidad\/#breadcrumb\"},\"inLanguage\":\"en-GB\",\"potentialAction\":[{\"@type\":\"ReadAction\",\"target\":[\"https:\/\/sumacontent.com\/privacidad\/\"]}]},{\"@type\":\"BreadcrumbList\",\"@id\":\"https:\/\/sumacontent.com\/privacidad\/#breadcrumb\",\"itemListElement\":[{\"@type\":\"ListItem\",\"position\":1,\"name\":\"Portada\",\"item\":\"https:\/\/sumacontent.com\/\"},{\"@type\":\"ListItem\",\"position\":2,\"name\":\"Pol\u00edtica de privacidad\"}]},{\"@type\":\"WebSite\",\"@id\":\"https:\/\/sumacontent.com\/#website\",\"url\":\"https:\/\/sumacontent.com\/\",\"name\":\"Suma Content\",\"description\":\"Suma content es una productora de contenido audiovisual independiente que nace con la inquietud de generar historias aut\u00e9nticas y cercanas, con una vocaci\u00f3n global.\",\"publisher\":{\"@id\":\"https:\/\/sumacontent.com\/#organization\"},\"potentialAction\":[{\"@type\":\"SearchAction\",\"target\":{\"@type\":\"EntryPoint\",\"urlTemplate\":\"https:\/\/sumacontent.com\/?s={search_term_string}\"},\"query-input\":\"required name=search_term_string\"}],\"inLanguage\":\"en-GB\"},{\"@type\":\"Organization\",\"@id\":\"https:\/\/sumacontent.com\/#organization\",\"name\":\"Suma Content\",\"url\":\"https:\/\/sumacontent.com\/\",\"logo\":{\"@type\":\"ImageObject\",\"inLanguage\":\"en-GB\",\"@id\":\"https:\/\/sumacontent.com\/#\/schema\/logo\/image\/\",\"url\":\"https:\/\/sumacontent.com\/wp-content\/uploads\/2022\/12\/Logo_nuevo-17-2.svg\",\"contentUrl\":\"https:\/\/sumacontent.com\/wp-content\/uploads\/2022\/12\/Logo_nuevo-17-2.svg\",\"caption\":\"Suma Content\"},\"image\":{\"@id\":\"https:\/\/sumacontent.com\/#\/schema\/logo\/image\/\"},\"sameAs\":[\"https:\/\/m.facebook.com\/Sumacontent\",\"https:\/\/twitter.com\/sumacontent\",\"https:\/\/www.instagram.com\/sumacontent\/?igshid=YmMyMTA2M2Y\"]}]}<\/script>\n<!-- \/ Yoast SEO plugin. -->","yoast_head_json":{"title":"Pol\u00edtica de privacidad - Suma Content","robots":{"index":"index","follow":"follow","max-snippet":"max-snippet:-1","max-image-preview":"max-image-preview:large","max-video-preview":"max-video-preview:-1"},"canonical":"https:\/\/sumacontent.com\/en\/privacidad\/","og_locale":"en_GB","og_type":"article","og_title":"Pol\u00edtica de privacidad - Suma Content","og_description":"Pol\u00edtica de privacidad Responsable del Tratamiento:\u00a0Datos de contacto del Responsable del Tratamiento: SUMA CONTENT, S.L.; C\/Monte Esquinza 30- 1\u00ba Derecha, 28010, Madrid, Espa\u00f1a. \u2013\u00a0hola@sumacontent.com\u200dDatos:\u00a0\u00a0Para la gesti\u00f3n de los servicios e informaci\u00f3n ofrecidos a trav\u00e9s de nuestro Portal Web, tratamos datos identificativos y datos de contacto.\u200dFinalidades: \u00a0Tus datos ser\u00e1n objeto de tratamiento para gestionar y atender [&hellip;]","og_url":"https:\/\/sumacontent.com\/en\/privacidad\/","og_site_name":"Suma Content","article_publisher":"https:\/\/m.facebook.com\/Sumacontent","article_modified_time":"2023-03-02T15:37:35+00:00","twitter_card":"summary_large_image","twitter_site":"@sumacontent","twitter_misc":{"Estimated reading time":"2 minutes"},"schema":{"@context":"https:\/\/schema.org","@graph":[{"@type":"WebPage","@id":"https:\/\/sumacontent.com\/privacidad\/","url":"https:\/\/sumacontent.com\/privacidad\/","name":"Pol\u00edtica de privacidad - Suma Content","isPartOf":{"@id":"https:\/\/sumacontent.com\/#website"},"datePublished":"2022-11-24T10:31:51+00:00","dateModified":"2023-03-02T15:37:35+00:00","breadcrumb":{"@id":"https:\/\/sumacontent.com\/privacidad\/#breadcrumb"},"inLanguage":"en-GB","potentialAction":[{"@type":"ReadAction","target":["https:\/\/sumacontent.com\/privacidad\/"]}]},{"@type":"BreadcrumbList","@id":"https:\/\/sumacontent.com\/privacidad\/#breadcrumb","itemListElement":[{"@type":"ListItem","position":1,"name":"Portada","item":"https:\/\/sumacontent.com\/"},{"@type":"ListItem","position":2,"name":"Pol\u00edtica de privacidad"}]},{"@type":"WebSite","@id":"https:\/\/sumacontent.com\/#website","url":"https:\/\/sumacontent.com\/","name":"Suma Content","description":"Suma content es una productora de contenido audiovisual independiente que nace con la inquietud de generar historias aut\u00e9nticas y cercanas, con una vocaci\u00f3n global.","publisher":{"@id":"https:\/\/sumacontent.com\/#organization"},"potentialAction":[{"@type":"SearchAction","target":{"@type":"EntryPoint","urlTemplate":"https:\/\/sumacontent.com\/?s={search_term_string}"},"query-input":"required name=search_term_string"}],"inLanguage":"en-GB"},{"@type":"Organization","@id":"https:\/\/sumacontent.com\/#organization","name":"Suma Content","url":"https:\/\/sumacontent.com\/","logo":{"@type":"ImageObject","inLanguage":"en-GB","@id":"https:\/\/sumacontent.com\/#\/schema\/logo\/image\/","url":"https:\/\/sumacontent.com\/wp-content\/uploads\/2022\/12\/Logo_nuevo-17-2.svg","contentUrl":"https:\/\/sumacontent.com\/wp-content\/uploads\/2022\/12\/Logo_nuevo-17-2.svg","caption":"Suma Content"},"image":{"@id":"https:\/\/sumacontent.com\/#\/schema\/logo\/image\/"},"sameAs":["https:\/\/m.facebook.com\/Sumacontent","https:\/\/twitter.com\/sumacontent","https:\/\/www.instagram.com\/sumacontent\/?igshid=YmMyMTA2M2Y"]}]}},"_links":{"self":[{"href":"https:\/\/sumacontent.com\/en\/wp-json\/wp\/v2\/pages\/3"}],"collection":[{"href":"https:\/\/sumacontent.com\/en\/wp-json\/wp\/v2\/pages"}],"about":[{"href":"https:\/\/sumacontent.com\/en\/wp-json\/wp\/v2\/types\/page"}],"author":[{"embeddable":true,"href":"https:\/\/sumacontent.com\/en\/wp-json\/wp\/v2\/users\/1"}],"replies":[{"embeddable":true,"href":"https:\/\/sumacontent.com\/en\/wp-json\/wp\/v2\/comments?post=3"}],"version-history":[{"count":22,"href":"https:\/\/sumacontent.com\/en\/wp-json\/wp\/v2\/pages\/3\/revisions"}],"predecessor-version":[{"id":2083,"href":"https:\/\/sumacontent.com\/en\/wp-json\/wp\/v2\/pages\/3\/revisions\/2083"}],"wp:attachment":[{"href":"https:\/\/sumacontent.com\/en\/wp-json\/wp\/v2\/media?parent=3"}],"curies":[{"name":"wp","href":"https:\/\/api.w.org\/{rel}","templated":true}]}}